{"id":24,"date":"2016-10-04T13:48:44","date_gmt":"2016-10-04T13:48:44","guid":{"rendered":"http:\/\/taize.kim.katolikus.net\/wp\/?page_id=24"},"modified":"2016-10-04T13:48:44","modified_gmt":"2016-10-04T13:48:44","slug":"valencia-2015","status":"publish","type":"page","link":"https:\/\/taize.kim.katolikus.net\/wp\/valencia-2015\/","title":{"rendered":"Valencia 2015"},"content":{"rendered":"<p><a href=\"http:\/\/www.taize.fr\/hu_article19701.html\">K\u00e9pek a tal\u00e1lkoz\u00f3r\u00f3l<\/a><\/p>\n<p><a href=\"https:\/\/www.facebook.com\/TaizeValencia2015\/\">Facebook-oldal<\/a><\/p>\n<p>&nbsp;<\/p>\n","protected":false},"excerpt":{"rendered":"<p>K\u00e9pek a tal\u00e1lkoz\u00f3r\u00f3l Facebook-oldal &nbsp;<\/p>\n","protected":false},"author":1,"featured_media":0,"parent":0,"menu_order":0,"comment_status":"closed","ping_status":"closed","template":"","meta":{"footnotes":""},"class_list":["post-24","page","type-page","status-publish","hentry"],"_links":{"self":[{"href":"https:\/\/taize.kim.katolikus.net\/wp\/wp-json\/wp\/v2\/pages\/24","targetHints":{"allow":["GET"]}}],"collection":[{"href":"https:\/\/taize.kim.katolikus.net\/wp\/wp-json\/wp\/v2\/pages"}],"about":[{"href":"https:\/\/taize.kim.katolikus.net\/wp\/wp-json\/wp\/v2\/types\/page"}],"author":[{"embeddable":true,"href":"https:\/\/taize.kim.katolikus.net\/wp\/wp-json\/wp\/v2\/users\/1"}],"replies":[{"embeddable":true,"href":"https:\/\/taize.kim.katolikus.net\/wp\/wp-json\/wp\/v2\/comments?post=24"}],"version-history":[{"count":1,"href":"https:\/\/taize.kim.katolikus.net\/wp\/wp-json\/wp\/v2\/pages\/24\/revisions"}],"predecessor-version":[{"id":25,"href":"https:\/\/taize.kim.katolikus.net\/wp\/wp-json\/wp\/v2\/pages\/24\/revisions\/25"}],"wp:attachment":[{"href":"https:\/\/taize.kim.katolikus.net\/wp\/wp-json\/wp\/v2\/media?parent=24"}],"curies":[{"name":"wp","href":"https:\/\/api.w.org\/{rel}","templated":true}]}}