{"id":233,"date":"2021-11-14T20:50:36","date_gmt":"2021-11-14T20:50:36","guid":{"rendered":"http:\/\/taize.kim.katolikus.net\/wp\/?page_id=233"},"modified":"2022-11-02T09:16:49","modified_gmt":"2022-11-02T09:16:49","slug":"torino-2021","status":"publish","type":"page","link":"https:\/\/taize.kim.katolikus.net\/wp\/torino-2021\/","title":{"rendered":"Torino &#8211; 2021"},"content":{"rendered":"\n<p>A Covid19 j\u00e1rv\u00e1ny negyedik hull\u00e1ma miatt a szok\u00e1sos \u00e9vv\u00e9gi tal\u00e1lkoz\u00f3t csak online szervezte meg a Taiz\u00e9i K\u00f6z\u00f6ss\u00e9g. <\/p>\n\n\n\n<p>2022. j\u00falius 7-10. k\u00f6z\u00f6tt viszont &#8220;bep\u00f3tolj\u00e1k&#8221; a tal\u00e1lkoz\u00f3t.<\/p>\n\n\n\n<p>Magyarorsz\u00e1gr\u00f3l Thorday Attila atya szervez egy csoportot. \u0150k a torin\u00f3i tal\u00e1lkoz\u00f3 ut\u00e1n Taiz\u00e9ben is elt\u00f6ltenek n\u00e9h\u00e1ny napot.<\/p>\n\n\n\n<p>Tov\u00e1bbi inform\u00e1ci\u00f3: <\/p>\n\n\n\n<p><a href=\"https:\/\/www.taize.fr\/hu_article32682.html\">https:\/\/www.taize.fr\/hu_article32682.html<\/a><\/p>\n\n\n\n<p><a href=\"https:\/\/www.taize.fr\/hu_article6285.html\">https:\/\/www.taize.fr\/hu_article6285.html<\/a><\/p>\n\n\n\n<p><\/p>\n","protected":false},"excerpt":{"rendered":"<p>A Covid19 j\u00e1rv\u00e1ny negyedik hull\u00e1ma miatt a szok\u00e1sos \u00e9vv\u00e9gi tal\u00e1lkoz\u00f3t csak online szervezte meg a Taiz\u00e9i K\u00f6z\u00f6ss\u00e9g. 2022. j\u00falius 7-10. k\u00f6z\u00f6tt viszont &#8220;bep\u00f3tolj\u00e1k&#8221; a tal\u00e1lkoz\u00f3t. Magyarorsz\u00e1gr\u00f3l Thorday Attila atya szervez egy csoportot. \u0150k a torin\u00f3i tal\u00e1lkoz\u00f3 ut\u00e1n Taiz\u00e9ben is elt\u00f6ltenek &hellip; <a href=\"https:\/\/taize.kim.katolikus.net\/wp\/torino-2021\/\">Egy kattint\u00e1s ide a folytat\u00e1shoz&#8230;. <span class=\"meta-nav\">&rarr;<\/span><\/a><\/p>\n","protected":false},"author":4,"featured_media":0,"parent":0,"menu_order":0,"comment_status":"closed","ping_status":"closed","template":"","meta":{"footnotes":""},"class_list":["post-233","page","type-page","status-publish","hentry"],"_links":{"self":[{"href":"https:\/\/taize.kim.katolikus.net\/wp\/wp-json\/wp\/v2\/pages\/233","targetHints":{"allow":["GET"]}}],"collection":[{"href":"https:\/\/taize.kim.katolikus.net\/wp\/wp-json\/wp\/v2\/pages"}],"about":[{"href":"https:\/\/taize.kim.katolikus.net\/wp\/wp-json\/wp\/v2\/types\/page"}],"author":[{"embeddable":true,"href":"https:\/\/taize.kim.katolikus.net\/wp\/wp-json\/wp\/v2\/users\/4"}],"replies":[{"embeddable":true,"href":"https:\/\/taize.kim.katolikus.net\/wp\/wp-json\/wp\/v2\/comments?post=233"}],"version-history":[{"count":4,"href":"https:\/\/taize.kim.katolikus.net\/wp\/wp-json\/wp\/v2\/pages\/233\/revisions"}],"predecessor-version":[{"id":253,"href":"https:\/\/taize.kim.katolikus.net\/wp\/wp-json\/wp\/v2\/pages\/233\/revisions\/253"}],"wp:attachment":[{"href":"https:\/\/taize.kim.katolikus.net\/wp\/wp-json\/wp\/v2\/media?parent=233"}],"curies":[{"name":"wp","href":"https:\/\/api.w.org\/{rel}","templated":true}]}}